{"id":223820,"date":"2021-11-15T17:59:04","date_gmt":"2021-11-15T16:59:04","guid":{"rendered":"https:\/\/auroraborealis.llc\/sobre-mi\/"},"modified":"2021-11-15T19:00:31","modified_gmt":"2021-11-15T18:00:31","slug":"sobre-mi","status":"publish","type":"page","link":"https:\/\/auroraborealis.llc\/es\/sobre-mi\/","title":{"rendered":"Sobre m\u00ed"},"content":{"rendered":"\n[et_pb_section fb_built=\u00bb1&#8243; next_background_color=\u00bb#148c8b\u00bb admin_label=\u00bbHero Section\u00bb _builder_version=\u00bb4.7.4&#8243; use_background_color_gradient=\u00bbon\u00bb background_color_gradient_start=\u00bbrgba(0,0,0,0.17)\u00bb background_color_gradient_end=\u00bbrgba(0,0,0,0)\u00bb background_color_gradient_overlays_image=\u00bbon\u00bb background_image=\u00bbhttps:\/\/auroraborealis.llc\/wp-content\/uploads\/2020\/12\/Blockchain-translator.jpg\u00bb background_position=\u00bbcenter_right\u00bb custom_padding=\u00bb0%||0%|||\u00bb bottom_divider_style=\u00bbslant\u00bb bottom_divider_height=\u00bb60px\u00bb background_color_gradient_direction__hover=\u00bb180deg\u00bb background_color_gradient_direction__hover_enabled=\u00bb180deg\u00bb background_color_gradient_start_position__hover=\u00bb0%\u00bb background_color_gradient_start_position__hover_enabled=\u00bb0%\u00bb background_color_gradient_end_position__hover=\u00bb100%\u00bb background_color_gradient_end_position__hover_enabled=\u00bb100%\u00bb][et_pb_row column_structure=\u00bb1_2,1_2&#8243; _builder_version=\u00bb4.7.4&#8243; _module_preset=\u00bbdefault\u00bb width=\u00bb100%\u00bb max_width=\u00bb1699px\u00bb min_height=\u00bb469px\u00bb custom_padding=\u00bb||0px|||\u00bb][et_pb_column type=\u00bb1_2&#8243; _builder_version=\u00bb4.7.4&#8243; _module_preset=\u00bbdefault\u00bb][et_pb_text content_tablet=\u00bb<h2>Hola, soy Alberto Pardo<\/h2><p> <\/p><p> Traduzco para empresarios y start-ups de tecnolog\u00eda y blockchain para ayudarles a conectar con 600 millones de clientes hispanohablantes<\/p>\u00bb content_phone=\u00bb<h2>Hola, soy Alberto Pardo <\/h2><p> <\/p><p>Traduzco para empresarios y start-ups de tecnolog\u00eda y blockchain para ayudarles a conectar con 600 millones de clientes hispanohablantes<span style=%22font-size: 30px;%22> <\/span><\/p><p> <\/p>\u00bb content_last_edited=\u00bbon|tablet\u00bb admin_label=\u00bbHero Section Title\u00bb _builder_version=\u00bb4.7.4&#8243; text_font=\u00bb|600||on|||||\u00bb text_font_size=\u00bb30px\u00bb text_letter_spacing=\u00bb3px\u00bb text_line_height=\u00bb1.3em\u00bb header_font=\u00bbMontserrat|600|||||||\u00bb header_text_align=\u00bbcenter\u00bb header_font_size=\u00bb33px\u00bb header_letter_spacing=\u00bb3px\u00bb header_line_height=\u00bb1.3em\u00bb header_2_font=\u00bbMontserrat|700|||||||\u00bb header_2_text_align=\u00bbcenter\u00bb header_2_text_color=\u00bbrgba(255,255,255,0.6)\u00bb header_2_font_size=\u00bb53px\u00bb header_2_letter_spacing=\u00bb3px\u00bb header_2_line_height=\u00bb1.1em\u00bb text_orientation=\u00bbcenter\u00bb background_layout=\u00bbdark\u00bb width=\u00bb100%\u00bb module_alignment=\u00bbcenter\u00bb min_height=\u00bb103px\u00bb custom_margin=\u00bb58px|-83px|-1px|-119px||\u00bb custom_padding=\u00bb0px|||||\u00bb animation_style=\u00bbslide\u00bb animation_direction=\u00bbbottom\u00bb animation_intensity_slide=\u00bb5%\u00bb header_font_size_tablet=\u00bb\u00bb header_font_size_phone=\u00bb28px\u00bb header_font_size_last_edited=\u00bbon|phone\u00bb header_2_font_size_tablet=\u00bb\u00bb header_2_font_size_phone=\u00bb28px\u00bb header_2_font_size_last_edited=\u00bbon|phone\u00bb text_text_shadow_style=\u00bbpreset5&#8243; header_2_text_shadow_style=\u00bbpreset2&#8243;]<h2>Hola, soy Alberto Pardo<\/h2>\r\n&nbsp;\r\n\r\nTraduzco para empresarios y start-ups de tecnolog\u00eda y blockchain para ayudarles a conectar con 600 millones de clientes hispanohablantes<span style=\"font-size: 30px;\">\u00a0<\/span>\r\n\r\n&nbsp;[\/et_pb_text][\/et_pb_column][et_pb_column type=\u00bb1_2&#8243; _builder_version=\u00bb4.7.4&#8243; _module_preset=\u00bbdefault\u00bb][\/et_pb_column][\/et_pb_row][\/et_pb_section][et_pb_section fb_built=\u00bb1&#8243; _builder_version=\u00bb4.7.4&#8243; _module_preset=\u00bbdefault\u00bb background_color=\u00bb#148c8b\u00bb custom_padding=\u00bb0px|||||\u00bb][et_pb_row _builder_version=\u00bb4.7.4&#8243; _module_preset=\u00bbdefault\u00bb width=\u00bb100%\u00bb max_width=\u00bb2560px\u00bb custom_padding=\u00bb0px|||||\u00bb][et_pb_column type=\u00bb4_4&#8243; _builder_version=\u00bb4.7.4&#8243; _module_preset=\u00bbdefault\u00bb][et_pb_text _builder_version=\u00bb4.7.4&#8243; _module_preset=\u00bbdefault\u00bb text_font=\u00bb|600||on|||||\u00bb text_text_color=\u00bb#ffffff\u00bb text_font_size=\u00bb34px\u00bb text_letter_spacing=\u00bb1px\u00bb text_line_height=\u00bb1.3em\u00bb background_enable_color=\u00bboff\u00bb text_orientation=\u00bbcenter\u00bb custom_padding=\u00bb23px|||||\u00bb animation_style=\u00bbslide\u00bb text_text_color_tablet=\u00bb\u00bb text_text_color_phone=\u00bb\u00bb text_text_color_last_edited=\u00bbon|phone\u00bb background_last_edited=\u00bbon|tablet\u00bb]<span style=\"color: #000000;\">La <span style=\"color: #ffffff;\">tecnolog\u00eda<span style=\"color: #000000;\"> y <\/span>viajar<\/span> me cambiaron la vida<span style=\"color: #ffffff;\"><span style=\"color: #000000;\">.<\/span>\r\n<\/span><\/span><span style=\"color: #000000;\"><span style=\"color: #ffffff;\"><span style=\"color: #000000;\">Ahora <\/span>traduzco<span style=\"color: #000000;\"> para cambiar la de otros <\/span>hispanohablantes<\/span><\/span>[\/et_pb_text][\/et_pb_column][\/et_pb_row][\/et_pb_section][et_pb_section fb_built=\u00bb1&#8243; admin_label=\u00bbAbout Section\u00bb _builder_version=\u00bb3.22&#8243; background_color=\u00bb#f7f7f7&#8243; custom_margin=\u00bb-31px|||||\u00bb custom_padding=\u00bb90px||90px|\u00bb][et_pb_row admin_label=\u00bbP\u00e1gina de Servicios\u00bb _builder_version=\u00bb3.25&#8243;][et_pb_column type=\u00bb4_4&#8243; _builder_version=\u00bb3.25&#8243; custom_padding=\u00bb|||\u00bb custom_padding__hover=\u00bb|||\u00bb][et_pb_text _builder_version=\u00bb4.7.4&#8243; _module_preset=\u00bbdefault\u00bb text_font=\u00bbMontserrat|600|||||||\u00bb text_text_color=\u00bb#000000&#8243; text_font_size=\u00bb27px\u00bb text_line_height=\u00bb1.3em\u00bb text_orientation=\u00bbcenter\u00bb]Solo traduzco sobre temas que amo: tecnolog\u00eda, inversi\u00f3n y turismo[\/et_pb_text][et_pb_text _builder_version=\u00bb4.7.4&#8243; _module_preset=\u00bbdefault\u00bb text_font=\u00bbMontserrat|600|||||||\u00bb text_text_color=\u00bb#000000&#8243; text_font_size=\u00bb27px\u00bb text_line_height=\u00bb1.3em\u00bb text_orientation=\u00bbcenter\u00bb]Soy el \u00fanico traductor profesional que fue desarrollador[\/et_pb_text][et_pb_text _builder_version=\u00bb4.7.4&#8243; _module_preset=\u00bbdefault\u00bb text_font=\u00bbMontserrat|600|||||||\u00bb text_text_color=\u00bb#000000&#8243; text_font_size=\u00bb27px\u00bb text_line_height=\u00bb1.3em\u00bb text_orientation=\u00bbcenter\u00bb]Soy feliz al sentirme conectado con los proyectos en que trabajo[\/et_pb_text][et_pb_text _builder_version=\u00bb4.7.4&#8243; _module_preset=\u00bbdefault\u00bb text_font=\u00bbMontserrat|600|||||||\u00bb text_text_color=\u00bb#000000&#8243; text_font_size=\u00bb27px\u00bb text_line_height=\u00bb1.3em\u00bb text_orientation=\u00bbcenter\u00bb]Uso la tecnolog\u00eda y la blockchain. Soy inversor y bloguero de viajes[\/et_pb_text][et_pb_text _builder_version=\u00bb4.7.4&#8243; _module_preset=\u00bbdefault\u00bb text_font=\u00bbMontserrat|600|||||||\u00bb text_text_color=\u00bb#000000&#8243; text_font_size=\u00bb27px\u00bb text_line_height=\u00bb1.3em\u00bb text_orientation=\u00bbcenter\u00bb]Pongo ideas incre\u00edbles a disposici\u00f3n de clientes de habla hispana[\/et_pb_text][\/et_pb_column][\/et_pb_row][\/et_pb_section][et_pb_section fb_built=\u00bb1&#8243; _builder_version=\u00bb4.7.4&#8243; _module_preset=\u00bbdefault\u00bb background_color=\u00bb#148c8b\u00bb custom_padding=\u00bb0px|||||\u00bb][et_pb_row _builder_version=\u00bb4.7.4&#8243; _module_preset=\u00bbdefault\u00bb custom_padding=\u00bb50px|||||\u00bb][et_pb_column type=\u00bb4_4&#8243; _builder_version=\u00bb4.7.4&#8243; _module_preset=\u00bbdefault\u00bb][et_pb_text _builder_version=\u00bb4.7.4&#8243; _module_preset=\u00bbdefault\u00bb text_font=\u00bb|600||on|||||\u00bb text_text_color=\u00bb#ffffff\u00bb text_font_size=\u00bb28px\u00bb text_line_height=\u00bb1.4em\u00bb background_enable_color=\u00bboff\u00bb text_orientation=\u00bbcenter\u00bb custom_padding=\u00bb23px|||||\u00bb animation_style=\u00bbslide\u00bb text_text_color_tablet=\u00bb\u00bb text_text_color_phone=\u00bb\u00bb text_text_color_last_edited=\u00bbon|phone\u00bb background_last_edited=\u00bbon|tablet\u00bb]<span style=\"color: #000000;\">Por eso, <span style=\"color: #ffffff;\">cre\u00e9<\/span>&#8230;<\/span>[\/et_pb_text][\/et_pb_column][\/et_pb_row][\/et_pb_section][et_pb_section fb_built=\u00bb1&#8243; admin_label=\u00bbAbout Section\u00bb _builder_version=\u00bb3.22&#8243; background_color=\u00bb#f7f7f7&#8243; custom_margin=\u00bb-31px|||||\u00bb custom_padding=\u00bb90px||0px|||\u00bb][et_pb_row column_structure=\u00bb1_2,1_2&#8243; admin_label=\u00bbP\u00e1gina de Servicios\u00bb _builder_version=\u00bb3.25&#8243;][et_pb_column type=\u00bb1_2&#8243; _builder_version=\u00bb3.25&#8243; custom_padding=\u00bb|||\u00bb custom_padding__hover=\u00bb|||\u00bb][et_pb_image src=\u00bbhttps:\/\/auroraborealis.llc\/wp-content\/uploads\/2020\/12\/Aurora-Borealis-translations-logo.png\u00bb alt=\u00bbTraductor espa\u00f1ol de tecnolog\u00eda\u00bb title_text=\u00bbLogotipo de Aurora Borealis Translations\u00bb _builder_version=\u00bb4.7.4&#8243; _module_preset=\u00bbdefault\u00bb width=\u00bb100%\u00bb max_width=\u00bb100%\u00bb module_alignment=\u00bbcenter\u00bb animation_style=\u00bbfade\u00bb][\/et_pb_image][\/et_pb_column][et_pb_column type=\u00bb1_2&#8243; _builder_version=\u00bb3.25&#8243; custom_padding=\u00bb|||\u00bb custom_padding__hover=\u00bb|||\u00bb][et_pb_text _builder_version=\u00bb4.7.4&#8243; _module_preset=\u00bbdefault\u00bb text_font_size=\u00bb19px\u00bb text_line_height=\u00bb1.5em\u00bb]<span style=\"font-size: 19px;\">A trav\u00e9s de <strong>Aurora Borealis Translations<\/strong> ayudo a gente con ideas brillantes y proyectos excelentes a <strong>lograr una audiencia de habla hispana<\/strong>.<\/span>\r\n\r\n<span style=\"font-size: 19px;\">Ofrezco <strong>traducciones del ingl\u00e9s al espa\u00f1ol<\/strong> de alta calidad porque no solo soy <strong>traductor profesional<\/strong> sino tambi\u00e9n un activo usuario entusiasta de <strong>tecnolog\u00eda y blockchain<\/strong>, adem\u00e1s de un <strong>viajero empedernido<\/strong>.<\/span>\r\n\r\nHar\u00e9 que <strong>tu producto est\u00e9 disponible en el mercado hispano<\/strong> para que tu negocio se extienda e <strong>incremente sus ingresos<\/strong>.\r\n\r\nCon <strong>600 millones de nuevos clientes<\/strong>, cambiar el mundo te ser\u00e1 m\u00e1s f\u00e1cil.\r\n\r\n&nbsp;[\/et_pb_text][\/et_pb_column][\/et_pb_row][\/et_pb_section][et_pb_section fb_built=\u00bb1&#8243; admin_label=\u00bbAbout Section\u00bb _builder_version=\u00bb3.22&#8243; background_color=\u00bb#f7f7f7&#8243; custom_padding=\u00bb37px||90px|||\u00bb][et_pb_row admin_label=\u00bbT\u00edtulo de secci\u00f3n\u00bb _builder_version=\u00bb3.25&#8243; custom_margin=\u00bb||40px|\u00bb custom_padding=\u00bb||0px|\u00bb][et_pb_column type=\u00bb4_4&#8243; _builder_version=\u00bb3.25&#8243; custom_padding=\u00bb|||\u00bb custom_padding__hover=\u00bb|||\u00bb][et_pb_text admin_label=\u00bbTitle\u00bb _builder_version=\u00bb4.7.4&#8243; text_font=\u00bb||||||||\u00bb header_font=\u00bb||||||||\u00bb header_2_font=\u00bbMontserrat|600||on|||||\u00bb header_2_text_align=\u00bbcenter\u00bb header_2_font_size=\u00bb30px\u00bb custom_margin=\u00bb||5px|\u00bb animation_style=\u00bbslide\u00bb animation_direction=\u00bbtop\u00bb animation_intensity_slide=\u00bb20%\u00bb animation_starting_opacity=\u00bb100%\u00bb]<h2>Formaci\u00f3n<\/h2>[\/et_pb_text][et_pb_divider show_divider=\u00bboff\u00bb _builder_version=\u00bb3.2&#8243; max_width=\u00bb23px\u00bb module_alignment=\u00bbcenter\u00bb animation_style=\u00bbslide\u00bb animation_direction=\u00bbtop\u00bb animation_intensity_slide=\u00bb20%\u00bb animation_starting_opacity=\u00bb100%\u00bb][\/et_pb_divider][\/et_pb_column][\/et_pb_row][et_pb_row column_structure=\u00bb1_3,1_3,1_3&#8243; admin_label=\u00bbP\u00e1gina de Servicios\u00bb _builder_version=\u00bb3.25&#8243;][et_pb_column type=\u00bb1_3&#8243; _builder_version=\u00bb3.25&#8243; custom_padding=\u00bb|||\u00bb custom_padding__hover=\u00bb|||\u00bb][et_pb_blurb title=\u00bbM\u00e1ster universitario en Nuevas tecnolog\u00edas aplicadas a la traducci\u00f3n\u00bb use_icon=\u00bbon\u00bb font_icon=\u00bb%%73%%\u00bb icon_color=\u00bb#898989&#8243; icon_placement=\u00bbleft\u00bb _builder_version=\u00bb4.7.4&#8243; header_font=\u00bbMontserrat|600|||||||\u00bb header_font_size=\u00bb20px\u00bb body_font=\u00bb||||||||\u00bb body_font_size=\u00bb16px\u00bb body_line_height=\u00bb1.8em\u00bb animation_style=\u00bbfold\u00bb animation_direction=\u00bbbottom\u00bb animation_intensity_fold=\u00bb20%\u00bb animation_starting_opacity=\u00bb100%\u00bb font_icon__hover_enabled=\u00bboff|desktop\u00bb]Universidad de Gdansk, Polonia.[\/et_pb_blurb][\/et_pb_column][et_pb_column type=\u00bb1_3&#8243; _builder_version=\u00bb3.25&#8243; custom_padding=\u00bb|||\u00bb custom_padding__hover=\u00bb|||\u00bb][et_pb_blurb title=\u00bbGrado en Estudios Ingleses: lengua, literatura y cultura\u00bb use_icon=\u00bbon\u00bb font_icon=\u00bb%%73%%\u00bb icon_color=\u00bb#898989&#8243; icon_placement=\u00bbleft\u00bb _builder_version=\u00bb4.7.4&#8243; header_font=\u00bbMontserrat|600|||||||\u00bb header_font_size=\u00bb20px\u00bb body_font=\u00bb||||||||\u00bb body_font_size=\u00bb16px\u00bb body_line_height=\u00bb1.8em\u00bb animation_style=\u00bbfold\u00bb animation_direction=\u00bbbottom\u00bb animation_intensity_fold=\u00bb20%\u00bb animation_starting_opacity=\u00bb100%\u00bb]UNED, Madrid, Espa\u00f1a.[\/et_pb_blurb][\/et_pb_column][et_pb_column type=\u00bb1_3&#8243; _builder_version=\u00bb3.25&#8243; custom_padding=\u00bb|||\u00bb custom_padding__hover=\u00bb|||\u00bb][et_pb_blurb title=\u00bbT\u00e9cnico superior en Desarrollo de aplicaciones inform\u00e1ticas\u00bb use_icon=\u00bbon\u00bb font_icon=\u00bb%%73%%\u00bb icon_color=\u00bb#898989&#8243; icon_placement=\u00bbleft\u00bb _builder_version=\u00bb4.7.4&#8243; header_font=\u00bbMontserrat|600|||||||\u00bb header_font_size=\u00bb20px\u00bb body_font=\u00bb||||||||\u00bb body_font_size=\u00bb16px\u00bb body_line_height=\u00bb1.8em\u00bb animation_style=\u00bbfold\u00bb animation_direction=\u00bbbottom\u00bb animation_intensity_fold=\u00bb20%\u00bb animation_starting_opacity=\u00bb100%\u00bb]IES Jaume Balmes, Barcelona, Espa\u00f1a.[\/et_pb_blurb][\/et_pb_column][\/et_pb_row][\/et_pb_section][et_pb_section fb_built=\u00bb1&#8243; admin_label=\u00bbFooter Section\u00bb _builder_version=\u00bb4.7.4&#8243; background_color=\u00bb#ffffff\u00bb background_position=\u00bbtop_center\u00bb custom_padding=\u00bb90px||90px|\u00bb][et_pb_row admin_label=\u00bbPie de p\u00e1gina\u00bb _builder_version=\u00bb3.25&#8243; custom_margin=\u00bb|||\u00bb custom_padding=\u00bb|||\u00bb locked=\u00bboff\u00bb][et_pb_column type=\u00bb4_4&#8243; _builder_version=\u00bb3.25&#8243; custom_padding=\u00bb|||\u00bb custom_padding__hover=\u00bb|||\u00bb][et_pb_text admin_label=\u00bbTitle\u00bb _builder_version=\u00bb4.7.4&#8243; text_font=\u00bb||||||||\u00bb header_font=\u00bb||||||||\u00bb header_2_font=\u00bbMontserrat|600||on|||||\u00bb header_2_font_size=\u00bb30px\u00bb header_2_line_height=\u00bb1.5em\u00bb text_orientation=\u00bbcenter\u00bb custom_margin=\u00bb||5px|\u00bb animation_style=\u00bbslide\u00bb animation_direction=\u00bbtop\u00bb animation_intensity_slide=\u00bb20%\u00bb animation_starting_opacity=\u00bb100%\u00bb hover_enabled=\u00bb0&#8243; sticky_enabled=\u00bb0&#8243;]<h2>\u00bfQu\u00e9 necesitas traducir?<\/h2>\n[\/et_pb_text][et_pb_button button_text=\u00bbir a la p\u00e1gina de Servicios\u00bb _builder_version=\u00bb4.7.4&#8243; _module_preset=\u00bbdefault\u00bb button_url=\u00bbhttps:\/\/auroraborealis.llc\/services\/\u00bb button_alignment=\u00bbcenter\u00bb custom_button=\u00bbon\u00bb button_text_color=\u00bb#ffffff\u00bb button_bg_color=\u00bb#02958b\u00bb button_bg_enable_color=\u00bbon\u00bb button_border_color=\u00bb#02958b\u00bb animation_style=\u00bbroll\u00bb box_shadow_style=\u00bbpreset3&#8243; hover_enabled=\u00bb0&#8243; sticky_enabled=\u00bb0&#8243;][\/et_pb_button][et_pb_divider show_divider=\u00bboff\u00bb _builder_version=\u00bb3.2&#8243; max_width=\u00bb23px\u00bb animation_style=\u00bbslide\u00bb][\/et_pb_divider][\/et_pb_column][\/et_pb_row][\/et_pb_section]\n","protected":false},"excerpt":{"rendered":"<p>Hola, soy Alberto Pardo &nbsp; Traduzco para empresarios y start-ups de tecnolog\u00eda y blockchain para ayudarles a conectar con 600 millones de clientes hispanohablantes\u00a0 &nbsp;La tecnolog\u00eda y viajar me cambiaron la vida. Ahora traduzco para cambiar la de otros hispanohablantesSolo traduzco sobre temas que amo: tecnolog\u00eda, inversi\u00f3n y turismoSoy el \u00fanico traductor profesional que fue [&hellip;]<\/p>\n","protected":false},"author":1,"featured_media":0,"parent":0,"menu_order":0,"comment_status":"closed","ping_status":"closed","template":"","meta":{"_et_pb_use_builder":"on","_et_pb_old_content":"","_et_gb_content_width":""},"yoast_head":"<!-- This site is optimized with the Yoast SEO plugin v23.4 - https:\/\/yoast.com\/wordpress\/plugins\/seo\/ -->\n<title>Sobre m\u00ed - Aurora Borealis Translations<\/title>\n<meta name=\"robots\" content=\"index, follow, max-snippet:-1, max-image-preview:large, max-video-preview:-1\" \/>\n<link rel=\"canonical\" href=\"https:\/\/auroraborealis.llc\/es\/sobre-mi\/\" \/>\n<meta property=\"og:locale\" content=\"es_ES\" \/>\n<meta property=\"og:type\" content=\"article\" \/>\n<meta property=\"og:title\" content=\"Sobre m\u00ed - Aurora Borealis Translations\" \/>\n<meta property=\"og:description\" content=\"Hola, soy Alberto Pardo &nbsp; Traduzco para empresarios y start-ups de tecnolog\u00eda y blockchain para ayudarles a conectar con 600 millones de clientes hispanohablantes\u00a0 &nbsp;La tecnolog\u00eda y viajar me cambiaron la vida. Ahora traduzco para cambiar la de otros hispanohablantesSolo traduzco sobre temas que amo: tecnolog\u00eda, inversi\u00f3n y turismoSoy el \u00fanico traductor profesional que fue [&hellip;]\" \/>\n<meta property=\"og:url\" content=\"https:\/\/auroraborealis.llc\/es\/sobre-mi\/\" \/>\n<meta property=\"og:site_name\" content=\"Aurora Borealis Translations\" \/>\n<meta property=\"article:modified_time\" content=\"2021-11-15T18:00:31+00:00\" \/>\n<meta name=\"twitter:card\" content=\"summary_large_image\" \/>\n<meta name=\"twitter:label1\" content=\"Tiempo de lectura\" \/>\n\t<meta name=\"twitter:data1\" content=\"8 minutos\" \/>\n<script type=\"application\/ld+json\" class=\"yoast-schema-graph\">{\"@context\":\"https:\/\/schema.org\",\"@graph\":[{\"@type\":\"WebPage\",\"@id\":\"https:\/\/auroraborealis.llc\/es\/sobre-mi\/\",\"url\":\"https:\/\/auroraborealis.llc\/es\/sobre-mi\/\",\"name\":\"Sobre m\u00ed - Aurora Borealis Translations\",\"isPartOf\":{\"@id\":\"https:\/\/auroraborealis.llc\/#website\"},\"datePublished\":\"2021-11-15T16:59:04+00:00\",\"dateModified\":\"2021-11-15T18:00:31+00:00\",\"breadcrumb\":{\"@id\":\"https:\/\/auroraborealis.llc\/es\/sobre-mi\/#breadcrumb\"},\"inLanguage\":\"es\",\"potentialAction\":[{\"@type\":\"ReadAction\",\"target\":[\"https:\/\/auroraborealis.llc\/es\/sobre-mi\/\"]}]},{\"@type\":\"BreadcrumbList\",\"@id\":\"https:\/\/auroraborealis.llc\/es\/sobre-mi\/#breadcrumb\",\"itemListElement\":[{\"@type\":\"ListItem\",\"position\":1,\"name\":\"Home\",\"item\":\"https:\/\/auroraborealis.llc\/es\/inicio\/\"},{\"@type\":\"ListItem\",\"position\":2,\"name\":\"Sobre m\u00ed\"}]},{\"@type\":\"WebSite\",\"@id\":\"https:\/\/auroraborealis.llc\/#website\",\"url\":\"https:\/\/auroraborealis.llc\/\",\"name\":\"Aurora Borealis Translations\",\"description\":\"Servicios de traducci\u00f3n y localizaci\u00f3n profesionales\",\"potentialAction\":[{\"@type\":\"SearchAction\",\"target\":{\"@type\":\"EntryPoint\",\"urlTemplate\":\"https:\/\/auroraborealis.llc\/?s={search_term_string}\"},\"query-input\":{\"@type\":\"PropertyValueSpecification\",\"valueRequired\":true,\"valueName\":\"search_term_string\"}}],\"inLanguage\":\"es\"}]}<\/script>\n<!-- \/ Yoast SEO plugin. -->","yoast_head_json":{"title":"Sobre m\u00ed - Aurora Borealis Translations","robots":{"index":"index","follow":"follow","max-snippet":"max-snippet:-1","max-image-preview":"max-image-preview:large","max-video-preview":"max-video-preview:-1"},"canonical":"https:\/\/auroraborealis.llc\/es\/sobre-mi\/","og_locale":"es_ES","og_type":"article","og_title":"Sobre m\u00ed - Aurora Borealis Translations","og_description":"Hola, soy Alberto Pardo &nbsp; Traduzco para empresarios y start-ups de tecnolog\u00eda y blockchain para ayudarles a conectar con 600 millones de clientes hispanohablantes\u00a0 &nbsp;La tecnolog\u00eda y viajar me cambiaron la vida. Ahora traduzco para cambiar la de otros hispanohablantesSolo traduzco sobre temas que amo: tecnolog\u00eda, inversi\u00f3n y turismoSoy el \u00fanico traductor profesional que fue [&hellip;]","og_url":"https:\/\/auroraborealis.llc\/es\/sobre-mi\/","og_site_name":"Aurora Borealis Translations","article_modified_time":"2021-11-15T18:00:31+00:00","twitter_card":"summary_large_image","twitter_misc":{"Tiempo de lectura":"8 minutos"},"schema":{"@context":"https:\/\/schema.org","@graph":[{"@type":"WebPage","@id":"https:\/\/auroraborealis.llc\/es\/sobre-mi\/","url":"https:\/\/auroraborealis.llc\/es\/sobre-mi\/","name":"Sobre m\u00ed - Aurora Borealis Translations","isPartOf":{"@id":"https:\/\/auroraborealis.llc\/#website"},"datePublished":"2021-11-15T16:59:04+00:00","dateModified":"2021-11-15T18:00:31+00:00","breadcrumb":{"@id":"https:\/\/auroraborealis.llc\/es\/sobre-mi\/#breadcrumb"},"inLanguage":"es","potentialAction":[{"@type":"ReadAction","target":["https:\/\/auroraborealis.llc\/es\/sobre-mi\/"]}]},{"@type":"BreadcrumbList","@id":"https:\/\/auroraborealis.llc\/es\/sobre-mi\/#breadcrumb","itemListElement":[{"@type":"ListItem","position":1,"name":"Home","item":"https:\/\/auroraborealis.llc\/es\/inicio\/"},{"@type":"ListItem","position":2,"name":"Sobre m\u00ed"}]},{"@type":"WebSite","@id":"https:\/\/auroraborealis.llc\/#website","url":"https:\/\/auroraborealis.llc\/","name":"Aurora Borealis Translations","description":"Servicios de traducci\u00f3n y localizaci\u00f3n profesionales","potentialAction":[{"@type":"SearchAction","target":{"@type":"EntryPoint","urlTemplate":"https:\/\/auroraborealis.llc\/?s={search_term_string}"},"query-input":{"@type":"PropertyValueSpecification","valueRequired":true,"valueName":"search_term_string"}}],"inLanguage":"es"}]}},"_links":{"self":[{"href":"https:\/\/auroraborealis.llc\/es\/wp-json\/wp\/v2\/pages\/223820"}],"collection":[{"href":"https:\/\/auroraborealis.llc\/es\/wp-json\/wp\/v2\/pages"}],"about":[{"href":"https:\/\/auroraborealis.llc\/es\/wp-json\/wp\/v2\/types\/page"}],"author":[{"embeddable":true,"href":"https:\/\/auroraborealis.llc\/es\/wp-json\/wp\/v2\/users\/1"}],"replies":[{"embeddable":true,"href":"https:\/\/auroraborealis.llc\/es\/wp-json\/wp\/v2\/comments?post=223820"}],"version-history":[{"count":32,"href":"https:\/\/auroraborealis.llc\/es\/wp-json\/wp\/v2\/pages\/223820\/revisions"}],"predecessor-version":[{"id":223853,"href":"https:\/\/auroraborealis.llc\/es\/wp-json\/wp\/v2\/pages\/223820\/revisions\/223853"}],"wp:attachment":[{"href":"https:\/\/auroraborealis.llc\/es\/wp-json\/wp\/v2\/media?parent=223820"}],"curies":[{"name":"wp","href":"https:\/\/api.w.org\/{rel}","templated":true}]}}