{"id":223882,"date":"2021-12-14T12:58:26","date_gmt":"2021-12-14T11:58:26","guid":{"rendered":"https:\/\/auroraborealis.llc\/contacto\/"},"modified":"2021-12-14T13:25:04","modified_gmt":"2021-12-14T12:25:04","slug":"contacto","status":"publish","type":"page","link":"https:\/\/auroraborealis.llc\/es\/contacto\/","title":{"rendered":"Contacto"},"content":{"rendered":"<p>[et_pb_section fb_built=\u00bb1&#8243; admin_label=\u00bbContact Section\u00bb _builder_version=\u00bb3.22&#8243; use_background_color_gradient=\u00bbon\u00bb background_color_gradient_start=\u00bb#f7f7f7&#8243; background_color_gradient_end=\u00bb#ffffff\u00bb background_color_gradient_direction=\u00bb105deg\u00bb background_color_gradient_start_position=\u00bb65%\u00bb background_color_gradient_end_position=\u00bb65%\u00bb custom_padding=\u00bb90px||90px|\u00bb][et_pb_row column_structure=\u00bb1_2,1_2&#8243; admin_label=\u00bb\u00c1rea de contacto\u00bb module_class=\u00bb et_pb_row_fullwidth\u00bb _builder_version=\u00bb3.25&#8243; background_size=\u00bbinitial\u00bb background_position=\u00bbtop_left\u00bb background_repeat=\u00bbrepeat\u00bb width=\u00bb89%\u00bb width_tablet=\u00bb80%\u00bb width_phone=\u00bb\u00bb width_last_edited=\u00bbon|desktop\u00bb max_width=\u00bb89%\u00bb max_width_tablet=\u00bb80%\u00bb max_width_phone=\u00bb\u00bb max_width_last_edited=\u00bbon|desktop\u00bb custom_margin=\u00bb|||\u00bb custom_padding=\u00bb27px|0px|27px|0px\u00bb make_fullwidth=\u00bbon\u00bb][et_pb_column type=\u00bb1_2&#8243; _builder_version=\u00bb3.25&#8243; custom_padding=\u00bb50px|5%|50px|10%\u00bb custom_padding__hover=\u00bb|||\u00bb][et_pb_text admin_label=\u00bbHero Section Title\u00bb _builder_version=\u00bb3.27.4&#8243; text_font=\u00bbMontserrat||||||||\u00bb text_font_size=\u00bb18px\u00bb text_line_height=\u00bb1.8em\u00bb header_font=\u00bbMontserrat|600||on|||||\u00bb header_font_size=\u00bb48px\u00bb header_letter_spacing=\u00bb3px\u00bb header_line_height=\u00bb1.3em\u00bb header_2_font=\u00bbMontserrat|700|||||||\u00bb header_2_text_color=\u00bbrgba(255,255,255,0.6)\u00bb header_2_font_size=\u00bb90px\u00bb header_2_letter_spacing=\u00bb3px\u00bb header_2_line_height=\u00bb1.1em\u00bb max_width=\u00bb700px\u00bb module_alignment=\u00bbleft\u00bb custom_margin=\u00bb|||\u00bb animation_style=\u00bbfade\u00bb animation_direction=\u00bbbottom\u00bb animation_starting_opacity=\u00bb100%\u00bb header_font_size_tablet=\u00bb\u00bb header_font_size_phone=\u00bb28px\u00bb header_font_size_last_edited=\u00bbon|phone\u00bb header_2_font_size_tablet=\u00bb\u00bb header_2_font_size_phone=\u00bb50px\u00bb header_2_font_size_last_edited=\u00bbon|phone\u00bb]<\/p>\n<h1>Cont\u00e1ctame<\/h1>\n<p>&nbsp;<\/p>\n<p>\u00bfDe qu\u00e9 trata tu proyecto?<\/p>\n<p>\u00bfVa tu idea a cambiar el mundo? Los pa\u00edses hispanohablantes impulsar\u00e1n tu \u00e9xito.<\/p>\n<p>Contacta conmigo para <strong>traducir del ingl\u00e9s al espa\u00f1ol<\/strong> tu <strong>proyecto de blockchain<\/strong>, tu <strong>soluci\u00f3n tecnol\u00f3gica<\/strong> o tu <strong>empresa tur\u00edstica<\/strong>.<\/p>\n<p><span>\u00bfNecesitas <\/span><strong>traducir tu sitio web <\/strong><span>o tu <\/span><strong>producto de software<\/strong><span>? \u00bfQuieres poner tus <\/span><strong>videojuegos<\/strong><span> a disposici\u00f3n de clientes que hablen espa\u00f1ol? \u00bfNecesitas a un profesional que traduzca tu <strong>sitio web sobre turismo<\/strong>? \u00bfO quiz\u00e1 buscas nuevos horizontes para tu <\/span><strong>tienda online<\/strong>, <strong>negocio sobre comida<\/strong> o <strong>novela<\/strong><span>?<\/span><\/p>\n<p>Hazme saber lo que necesitas escribi\u00e9ndome al correo electr\u00f3nico de abajo o rellenando el formulario y me pondr\u00e9 en contacto contigo cuanto antes.<\/p>\n<p>Ser\u00e1 un placer para m\u00ed formar parte de tu proyecto.<\/p>\n<p>[\/et_pb_text][et_pb_blurb title=\u00bbCorreo electr\u00f3nico\u00bb use_icon=\u00bbon\u00bb font_icon=\u00bb%%238%%\u00bb icon_color=\u00bb#2a2a2a\u00bb icon_placement=\u00bbleft\u00bb content_max_width=\u00bb1100px\u00bb use_icon_font_size=\u00bbon\u00bb icon_font_size=\u00bb20px\u00bb _builder_version=\u00bb3.0.91&#8243; header_font=\u00bbMontserrat|600|||||||\u00bb header_font_size=\u00bb20px\u00bb body_font=\u00bb||||||||\u00bb body_font_size=\u00bb16px\u00bb body_line_height=\u00bb1.8em\u00bb custom_padding=\u00bb||0px|||\u00bb animation_style=\u00bbfold\u00bb animation_direction=\u00bbleft\u00bb animation_intensity_fold=\u00bb20%\u00bb animation_starting_opacity=\u00bb100%\u00bb]<\/p>\n<p><a href=\"mailto:info@auroraborealis.llc\" target=\"_blank\" rel=\"noopener noreferrer\">info@auroraborealis.llc<\/a><\/p>\n<p>[\/et_pb_blurb][\/et_pb_column][et_pb_column type=\u00bb1_2&#8243; _builder_version=\u00bb3.25&#8243; custom_padding=\u00bb|||\u00bb custom_padding__hover=\u00bb|||\u00bb][et_pb_image src=\u00bbhttps:\/\/auroraborealis.llc\/wp-content\/uploads\/2020\/11\/Tourism-translations-Spanish.jpg\u00bb alt=\u00bbTraducciones tur\u00edsticas al espa\u00f1ol\u00bb title_text=\u00bbTraducci\u00f3n de turismo al espa\u00f1ol\u00bb force_fullwidth=\u00bbon\u00bb align_tablet=\u00bbcenter\u00bb align_phone=\u00bb\u00bb align_last_edited=\u00bbon|desktop\u00bb module_class=\u00bbcircular\u00bb _builder_version=\u00bb4.7.4&#8243; animation_style=\u00bbslide\u00bb animation_direction=\u00bbright\u00bb animation_intensity_slide=\u00bb20%\u00bb animation_starting_opacity=\u00bb100%\u00bb][\/et_pb_image][\/et_pb_column][\/et_pb_row][\/et_pb_section][et_pb_section fb_built=\u00bb1&#8243; admin_label=\u00bbCTA Section\u00bb _builder_version=\u00bb3.22&#8243; background_color=\u00bb#f16334&#8243; use_background_color_gradient=\u00bbon\u00bb background_color_gradient_start=\u00bbrgba(0,0,0,0.8)\u00bb background_color_gradient_end=\u00bbrgba(0,0,0,0.4)\u00bb background_color_gradient_overlays_image=\u00bbon\u00bb background_image=\u00bbhttps:\/\/auroraborealis.llc\/wp-content\/uploads\/2020\/11\/11_img.jpg\u00bb custom_padding=\u00bb180px|0px|180px|\u00bb][et_pb_row admin_label=\u00bb\u00c1rea CTA\u00bb _builder_version=\u00bb3.25&#8243; locked=\u00bboff\u00bb][et_pb_column type=\u00bb4_4&#8243; _builder_version=\u00bb3.25&#8243; custom_padding=\u00bb|||\u00bb custom_padding__hover=\u00bb|||\u00bb][et_pb_text _builder_version=\u00bb3.27.4&#8243; text_font=\u00bbMontserrat||||||||\u00bb text_font_size=\u00bb48px\u00bb text_line_height=\u00bb1.5em\u00bb text_orientation=\u00bbcenter\u00bb background_layout=\u00bbdark\u00bb module_alignment=\u00bbcenter\u00bb custom_padding=\u00bb||20px|\u00bb animation_style=\u00bbflip\u00bb animation_intensity_flip=\u00bb20%\u00bb animation_starting_opacity=\u00bb200%\u00bb]<\/p>\n<p>\u00bfYa sabes lo que necesitas?<br \/>Recibe un presupuesto<\/p>\n<p>[\/et_pb_text][et_pb_button button_url=\u00bbhttps:\/\/docs.google.com\/forms\/d\/e\/1FAIpQLSfM7AqjER15mvMuXVE0nfxXVLpUN-bzi4R18aqt9Y7YmUWaKA\/viewform\u00bb button_text=\u00bbRellena el formulario y obt\u00e9n un presupuesto\u00bb button_alignment=\u00bbcenter\u00bb _builder_version=\u00bb4.7.4&#8243; custom_button=\u00bbon\u00bb button_text_size=\u00bb16px\u00bb button_text_color=\u00bb#148c8b\u00bb button_bg_color=\u00bb#ffffff\u00bb button_border_width=\u00bb0px\u00bb button_letter_spacing=\u00bb2px\u00bb button_font=\u00bbMontserrat|600||on|||||\u00bb custom_margin=\u00bb|||\u00bb custom_padding=\u00bb12px||12px|\u00bb animation_style=\u00bbfade\u00bb hover_enabled=\u00bb0&#8243; button_letter_spacing_hover=\u00bb2px\u00bb button_text_size__hover_enabled=\u00bboff\u00bb button_one_text_size__hover_enabled=\u00bboff\u00bb button_two_text_size__hover_enabled=\u00bboff\u00bb button_text_color__hover_enabled=\u00bboff\u00bb button_one_text_color__hover_enabled=\u00bboff\u00bb button_two_text_color__hover_enabled=\u00bboff\u00bb button_border_width__hover_enabled=\u00bboff\u00bb button_one_border_width__hover_enabled=\u00bboff\u00bb button_two_border_width__hover_enabled=\u00bboff\u00bb button_border_color__hover_enabled=\u00bboff\u00bb button_one_border_color__hover_enabled=\u00bboff\u00bb button_two_border_color__hover_enabled=\u00bboff\u00bb button_border_radius__hover_enabled=\u00bboff\u00bb button_one_border_radius__hover_enabled=\u00bboff\u00bb button_two_border_radius__hover_enabled=\u00bboff\u00bb button_letter_spacing__hover_enabled=\u00bbon\u00bb button_letter_spacing__hover=\u00bb2px\u00bb button_one_letter_spacing__hover_enabled=\u00bboff\u00bb button_two_letter_spacing__hover_enabled=\u00bboff\u00bb button_bg_color__hover_enabled=\u00bboff\u00bb button_one_bg_color__hover_enabled=\u00bboff\u00bb button_two_bg_color__hover_enabled=\u00bboff\u00bb url_new_window=\u00bbon\u00bb sticky_enabled=\u00bb0&#8243;][\/et_pb_button][\/et_pb_column][\/et_pb_row][\/et_pb_section]<\/p>\n","protected":false},"excerpt":{"rendered":"<p>Cont\u00e1ctame &nbsp; \u00bfDe qu\u00e9 trata tu proyecto? \u00bfVa tu idea a cambiar el mundo? Los pa\u00edses hispanohablantes impulsar\u00e1n tu \u00e9xito. Contacta conmigo para traducir del ingl\u00e9s al espa\u00f1ol tu proyecto de blockchain, tu soluci\u00f3n tecnol\u00f3gica o tu empresa tur\u00edstica. \u00bfNecesitas traducir tu sitio web o tu producto de software? \u00bfQuieres poner tus videojuegos a disposici\u00f3n [&hellip;]<\/p>\n","protected":false},"author":1,"featured_media":0,"parent":0,"menu_order":0,"comment_status":"closed","ping_status":"closed","template":"","meta":{"_et_pb_use_builder":"on","_et_pb_old_content":"","_et_gb_content_width":""},"yoast_head":"<!-- This site is optimized with the Yoast SEO plugin v23.4 - https:\/\/yoast.com\/wordpress\/plugins\/seo\/ -->\n<title>\u25b7 Cont\u00e1ctame para traducir tu negocio - Aurora Borealis Translations<\/title>\n<meta name=\"description\" content=\"\u00bfNecesitas traducir tu proyecto tur\u00edstico, tecnol\u00f3gico o blockchain del ingl\u00e9s al espa\u00f1ol? \u2705 Rellena el formulario o escr\u00edbeme un correo \u2705\" \/>\n<meta name=\"robots\" content=\"index, follow, max-snippet:-1, max-image-preview:large, max-video-preview:-1\" \/>\n<link rel=\"canonical\" href=\"https:\/\/auroraborealis.llc\/es\/contacto\/\" \/>\n<meta property=\"og:locale\" content=\"es_ES\" \/>\n<meta property=\"og:type\" content=\"article\" \/>\n<meta property=\"og:title\" content=\"\u25b7 Cont\u00e1ctame para traducir tu negocio - Aurora Borealis Translations\" \/>\n<meta property=\"og:description\" content=\"\u00bfNecesitas traducir tu proyecto tur\u00edstico, tecnol\u00f3gico o blockchain del ingl\u00e9s al espa\u00f1ol? \u2705 Rellena el formulario o escr\u00edbeme un correo \u2705\" \/>\n<meta property=\"og:url\" content=\"https:\/\/auroraborealis.llc\/es\/contacto\/\" \/>\n<meta property=\"og:site_name\" content=\"Aurora Borealis Translations\" \/>\n<meta property=\"article:modified_time\" content=\"2021-12-14T12:25:04+00:00\" \/>\n<meta name=\"twitter:card\" content=\"summary_large_image\" \/>\n<meta name=\"twitter:label1\" content=\"Tiempo de lectura\" \/>\n\t<meta name=\"twitter:data1\" content=\"4 minutos\" \/>\n<script type=\"application\/ld+json\" class=\"yoast-schema-graph\">{\"@context\":\"https:\/\/schema.org\",\"@graph\":[{\"@type\":\"WebPage\",\"@id\":\"https:\/\/auroraborealis.llc\/es\/contacto\/\",\"url\":\"https:\/\/auroraborealis.llc\/es\/contacto\/\",\"name\":\"\u25b7 Cont\u00e1ctame para traducir tu negocio - Aurora Borealis Translations\",\"isPartOf\":{\"@id\":\"https:\/\/auroraborealis.llc\/#website\"},\"datePublished\":\"2021-12-14T11:58:26+00:00\",\"dateModified\":\"2021-12-14T12:25:04+00:00\",\"description\":\"\u00bfNecesitas traducir tu proyecto tur\u00edstico, tecnol\u00f3gico o blockchain del ingl\u00e9s al espa\u00f1ol? \u2705 Rellena el formulario o escr\u00edbeme un correo \u2705\",\"breadcrumb\":{\"@id\":\"https:\/\/auroraborealis.llc\/es\/contacto\/#breadcrumb\"},\"inLanguage\":\"es\",\"potentialAction\":[{\"@type\":\"ReadAction\",\"target\":[\"https:\/\/auroraborealis.llc\/es\/contacto\/\"]}]},{\"@type\":\"BreadcrumbList\",\"@id\":\"https:\/\/auroraborealis.llc\/es\/contacto\/#breadcrumb\",\"itemListElement\":[{\"@type\":\"ListItem\",\"position\":1,\"name\":\"Home\",\"item\":\"https:\/\/auroraborealis.llc\/es\/inicio\/\"},{\"@type\":\"ListItem\",\"position\":2,\"name\":\"Contacto\"}]},{\"@type\":\"WebSite\",\"@id\":\"https:\/\/auroraborealis.llc\/#website\",\"url\":\"https:\/\/auroraborealis.llc\/\",\"name\":\"Aurora Borealis Translations\",\"description\":\"Servicios de traducci\u00f3n y localizaci\u00f3n profesionales\",\"potentialAction\":[{\"@type\":\"SearchAction\",\"target\":{\"@type\":\"EntryPoint\",\"urlTemplate\":\"https:\/\/auroraborealis.llc\/?s={search_term_string}\"},\"query-input\":{\"@type\":\"PropertyValueSpecification\",\"valueRequired\":true,\"valueName\":\"search_term_string\"}}],\"inLanguage\":\"es\"}]}<\/script>\n<!-- \/ Yoast SEO plugin. -->","yoast_head_json":{"title":"\u25b7 Cont\u00e1ctame para traducir tu negocio - Aurora Borealis Translations","description":"\u00bfNecesitas traducir tu proyecto tur\u00edstico, tecnol\u00f3gico o blockchain del ingl\u00e9s al espa\u00f1ol? \u2705 Rellena el formulario o escr\u00edbeme un correo \u2705","robots":{"index":"index","follow":"follow","max-snippet":"max-snippet:-1","max-image-preview":"max-image-preview:large","max-video-preview":"max-video-preview:-1"},"canonical":"https:\/\/auroraborealis.llc\/es\/contacto\/","og_locale":"es_ES","og_type":"article","og_title":"\u25b7 Cont\u00e1ctame para traducir tu negocio - Aurora Borealis Translations","og_description":"\u00bfNecesitas traducir tu proyecto tur\u00edstico, tecnol\u00f3gico o blockchain del ingl\u00e9s al espa\u00f1ol? \u2705 Rellena el formulario o escr\u00edbeme un correo \u2705","og_url":"https:\/\/auroraborealis.llc\/es\/contacto\/","og_site_name":"Aurora Borealis Translations","article_modified_time":"2021-12-14T12:25:04+00:00","twitter_card":"summary_large_image","twitter_misc":{"Tiempo de lectura":"4 minutos"},"schema":{"@context":"https:\/\/schema.org","@graph":[{"@type":"WebPage","@id":"https:\/\/auroraborealis.llc\/es\/contacto\/","url":"https:\/\/auroraborealis.llc\/es\/contacto\/","name":"\u25b7 Cont\u00e1ctame para traducir tu negocio - Aurora Borealis Translations","isPartOf":{"@id":"https:\/\/auroraborealis.llc\/#website"},"datePublished":"2021-12-14T11:58:26+00:00","dateModified":"2021-12-14T12:25:04+00:00","description":"\u00bfNecesitas traducir tu proyecto tur\u00edstico, tecnol\u00f3gico o blockchain del ingl\u00e9s al espa\u00f1ol? \u2705 Rellena el formulario o escr\u00edbeme un correo \u2705","breadcrumb":{"@id":"https:\/\/auroraborealis.llc\/es\/contacto\/#breadcrumb"},"inLanguage":"es","potentialAction":[{"@type":"ReadAction","target":["https:\/\/auroraborealis.llc\/es\/contacto\/"]}]},{"@type":"BreadcrumbList","@id":"https:\/\/auroraborealis.llc\/es\/contacto\/#breadcrumb","itemListElement":[{"@type":"ListItem","position":1,"name":"Home","item":"https:\/\/auroraborealis.llc\/es\/inicio\/"},{"@type":"ListItem","position":2,"name":"Contacto"}]},{"@type":"WebSite","@id":"https:\/\/auroraborealis.llc\/#website","url":"https:\/\/auroraborealis.llc\/","name":"Aurora Borealis Translations","description":"Servicios de traducci\u00f3n y localizaci\u00f3n profesionales","potentialAction":[{"@type":"SearchAction","target":{"@type":"EntryPoint","urlTemplate":"https:\/\/auroraborealis.llc\/?s={search_term_string}"},"query-input":{"@type":"PropertyValueSpecification","valueRequired":true,"valueName":"search_term_string"}}],"inLanguage":"es"}]}},"_links":{"self":[{"href":"https:\/\/auroraborealis.llc\/es\/wp-json\/wp\/v2\/pages\/223882"}],"collection":[{"href":"https:\/\/auroraborealis.llc\/es\/wp-json\/wp\/v2\/pages"}],"about":[{"href":"https:\/\/auroraborealis.llc\/es\/wp-json\/wp\/v2\/types\/page"}],"author":[{"embeddable":true,"href":"https:\/\/auroraborealis.llc\/es\/wp-json\/wp\/v2\/users\/1"}],"replies":[{"embeddable":true,"href":"https:\/\/auroraborealis.llc\/es\/wp-json\/wp\/v2\/comments?post=223882"}],"version-history":[{"count":19,"href":"https:\/\/auroraborealis.llc\/es\/wp-json\/wp\/v2\/pages\/223882\/revisions"}],"predecessor-version":[{"id":223902,"href":"https:\/\/auroraborealis.llc\/es\/wp-json\/wp\/v2\/pages\/223882\/revisions\/223902"}],"wp:attachment":[{"href":"https:\/\/auroraborealis.llc\/es\/wp-json\/wp\/v2\/media?parent=223882"}],"curies":[{"name":"wp","href":"https:\/\/api.w.org\/{rel}","templated":true}]}}