{"id":223926,"date":"2021-12-15T03:57:58","date_gmt":"2021-12-15T02:57:58","guid":{"rendered":"https:\/\/auroraborealis.llc\/blog\/"},"modified":"2022-04-25T20:32:44","modified_gmt":"2022-04-25T18:32:44","slug":"blog","status":"publish","type":"page","link":"https:\/\/auroraborealis.llc\/es\/blog\/","title":{"rendered":"Blog"},"content":{"rendered":"\n[et_pb_section fb_built=\u00bb1&#8243; next_background_color=\u00bb#ffffff\u00bb admin_label=\u00bbHero Section\u00bb _builder_version=\u00bb4.7.4&#8243; use_background_color_gradient=\u00bbon\u00bb background_color_gradient_start=\u00bbrgba(0,0,0,0.4)\u00bb background_color_gradient_end=\u00bbrgba(0,0,0,0.4)\u00bb background_color_gradient_overlays_image=\u00bbon\u00bb background_image=\u00bbhttps:\/\/auroraborealis.llc\/wp-content\/uploads\/2020\/11\/Blog-Aurora-Borealis.jpg\u00bb background_position=\u00bbcenter_right\u00bb custom_padding=\u00bb6%||6%|\u00bb bottom_divider_style=\u00bbslant\u00bb bottom_divider_height=\u00bb60px\u00bb background_color_gradient_direction__hover=\u00bb180deg\u00bb background_color_gradient_direction__hover_enabled=\u00bb180deg\u00bb background_color_gradient_start_position__hover=\u00bb0%\u00bb background_color_gradient_start_position__hover_enabled=\u00bb0%\u00bb background_color_gradient_end_position__hover=\u00bb100%\u00bb background_color_gradient_end_position__hover_enabled=\u00bb100%\u00bb][et_pb_row admin_label=\u00bbZona de t\u00edtulo de p\u00e1gina\u00bb _builder_version=\u00bb3.25&#8243;][et_pb_column type=\u00bb4_4&#8243; _builder_version=\u00bb3.25&#8243; custom_padding=\u00bb|||\u00bb custom_padding__hover=\u00bb|||\u00bb][et_pb_text admin_label=\u00bbHero Section Title\u00bb _builder_version=\u00bb3.27.4&#8243; text_font=\u00bbMontserrat||||||||\u00bb text_font_size=\u00bb18px\u00bb text_line_height=\u00bb1.8em\u00bb header_font=\u00bbMontserrat|600||on|||||\u00bb header_font_size=\u00bb48px\u00bb header_letter_spacing=\u00bb3px\u00bb header_line_height=\u00bb1.3em\u00bb header_2_font=\u00bbMontserrat|700|||||||\u00bb header_2_text_color=\u00bbrgba(255,255,255,0.6)\u00bb header_2_font_size=\u00bb90px\u00bb header_2_letter_spacing=\u00bb3px\u00bb header_2_line_height=\u00bb1.1em\u00bb text_orientation=\u00bbcenter\u00bb background_layout=\u00bbdark\u00bb max_width=\u00bb700px\u00bb module_alignment=\u00bbcenter\u00bb custom_margin=\u00bb|||\u00bb animation_style=\u00bbfade\u00bb animation_direction=\u00bbbottom\u00bb header_font_size_tablet=\u00bb\u00bb header_font_size_phone=\u00bb28px\u00bb header_font_size_last_edited=\u00bbon|phone\u00bb header_2_font_size_tablet=\u00bb\u00bb header_2_font_size_phone=\u00bb50px\u00bb header_2_font_size_last_edited=\u00bbon|phone\u00bb]<h1>Blog<\/h1>\n<p>Soy traductor. Escribir es mi vida.<\/p>[\/et_pb_text][\/et_pb_column][\/et_pb_row][\/et_pb_section][et_pb_section fb_built=\u00bb1&#8243; admin_label=\u00bbBlog Section\u00bb _builder_version=\u00bb3.22&#8243; custom_padding=\u00bb90px||10px|\u00bb][et_pb_row admin_label=\u00bbZona del blog\u00bb _builder_version=\u00bb3.25&#8243;][et_pb_column type=\u00bb4_4&#8243; _builder_version=\u00bb3.25&#8243; custom_padding=\u00bb|||\u00bb custom_padding__hover=\u00bb|||\u00bb][et_pb_blog fullwidth=\u00bboff\u00bb posts_number=\u00bb9&#8243; include_categories=\u00bball\u00bb show_author=\u00bboff\u00bb show_date=\u00bboff\u00bb show_categories=\u00bboff\u00bb _builder_version=\u00bb4.7.4&#8243; header_font=\u00bbMontserrat|600|||||||\u00bb header_font_size=\u00bb20px\u00bb body_font=\u00bb||||||||\u00bb body_font_size=\u00bb16px\u00bb body_line_height=\u00bb1.8em\u00bb meta_font=\u00bbMontserrat|300|||||||\u00bb pagination_font=\u00bb|700|||||||\u00bb pagination_text_color=\u00bb#f16334&#8243; custom_margin=\u00bb|||\u00bb custom_padding=\u00bb|||\u00bb animation_style=\u00bbfade\u00bb border_style_all=\u00bbnone\u00bb box_shadow_style=\u00bbpreset1&#8243; box_shadow_vertical=\u00bb5px\u00bb box_shadow_blur=\u00bb25px\u00bb box_shadow_color=\u00bbrgba(0,0,0,0.05)\u00bb][\/et_pb_blog][\/et_pb_column][\/et_pb_row][\/et_pb_section][et_pb_section fb_built=\u00bb1&#8243; admin_label=\u00bbCTA Section\u00bb _builder_version=\u00bb3.22&#8243; background_color=\u00bb#f7f7f7&#8243; custom_padding=\u00bb90px||90px|\u00bb][et_pb_row column_structure=\u00bb1_4,1_2,1_4&#8243; _builder_version=\u00bb3.25&#8243;][et_pb_column type=\u00bb1_4&#8243; _builder_version=\u00bb3.25&#8243; custom_padding=\u00bb|||\u00bb custom_padding__hover=\u00bb|||\u00bb][\/et_pb_column][et_pb_column type=\u00bb1_2&#8243; _builder_version=\u00bb3.25&#8243; custom_padding=\u00bb|||\u00bb custom_padding__hover=\u00bb|||\u00bb][et_pb_text _builder_version=\u00bb3.27.4&#8243; text_font=\u00bbMontserrat||||||||\u00bb text_font_size=\u00bb48px\u00bb text_line_height=\u00bb1.5em\u00bb header_font=\u00bb||||||||\u00bb text_orientation=\u00bbcenter\u00bb max_width=\u00bb700px\u00bb module_alignment=\u00bbcenter\u00bb custom_padding=\u00bb||20px|\u00bb animation_style=\u00bbflip\u00bb animation_direction=\u00bbtop\u00bb animation_intensity_flip=\u00bb20%\u00bb animation_starting_opacity=\u00bb200%\u00bb]<p>Suscribirse<\/p>\r[\/et_pb_text][et_pb_signup mailchimp_list=\u00bbMailChimp|03dac884f0&#8243; last_name_field=\u00bboff\u00bb _builder_version=\u00bb4.7.4&#8243; use_background_color=\u00bboff\u00bb custom_button=\u00bbon\u00bb button_text_size=\u00bb16px\u00bb button_bg_color=\u00bb#148c8b\u00bb button_border_width=\u00bb12px\u00bb button_border_color=\u00bb#148c8b\u00bb button_letter_spacing=\u00bb2px\u00bb button_font=\u00bbMontserrat|||on|||||\u00bb hover_enabled=\u00bb0&#8243; border_style_all_fields_focus=\u00bboff\u00bb button_letter_spacing_hover=\u00bb2px\u00bb button_text_size__hover_enabled=\u00bboff\u00bb button_one_text_size__hover_enabled=\u00bboff\u00bb button_two_text_size__hover_enabled=\u00bboff\u00bb button_text_color__hover_enabled=\u00bboff\u00bb button_one_text_color__hover_enabled=\u00bboff\u00bb button_two_text_color__hover_enabled=\u00bboff\u00bb button_border_width__hover_enabled=\u00bboff\u00bb button_one_border_width__hover_enabled=\u00bboff\u00bb button_two_border_width__hover_enabled=\u00bboff\u00bb button_border_color__hover_enabled=\u00bboff\u00bb button_one_border_color__hover_enabled=\u00bboff\u00bb button_two_border_color__hover_enabled=\u00bboff\u00bb button_border_radius__hover_enabled=\u00bboff\u00bb button_one_border_radius__hover_enabled=\u00bboff\u00bb button_two_border_radius__hover_enabled=\u00bboff\u00bb button_letter_spacing__hover_enabled=\u00bbon\u00bb button_letter_spacing__hover=\u00bb2px\u00bb button_one_letter_spacing__hover_enabled=\u00bboff\u00bb button_two_letter_spacing__hover_enabled=\u00bboff\u00bb button_bg_color__hover_enabled=\u00bboff\u00bb button_one_bg_color__hover_enabled=\u00bboff\u00bb button_two_bg_color__hover_enabled=\u00bboff\u00bb button_bg_enable_color=\u00bbon\u00bb sticky_enabled=\u00bb0&#8243;][\/et_pb_signup][\/et_pb_column][et_pb_column type=\u00bb1_4&#8243; _builder_version=\u00bb3.25&#8243; custom_padding=\u00bb|||\u00bb custom_padding__hover=\u00bb|||\u00bb][\/et_pb_column][\/et_pb_row][\/et_pb_section]\n","protected":false},"excerpt":{"rendered":"<p>Blog Soy traductor. Escribir es mi vida.Suscribirse<\/p>\n","protected":false},"author":1,"featured_media":0,"parent":0,"menu_order":0,"comment_status":"closed","ping_status":"closed","template":"","meta":{"_et_pb_use_builder":"on","_et_pb_old_content":"","_et_gb_content_width":""},"yoast_head":"<!-- This site is optimized with the Yoast SEO plugin v23.4 - https:\/\/yoast.com\/wordpress\/plugins\/seo\/ -->\n<title>\u25b7 Bienvenido al blog de Aurora Borealis Translations<\/title>\n<meta name=\"description\" content=\"Te mostrar\u00e9 informaci\u00f3n valiosa sobre la traducci\u00f3n profesional sobre las industrias de turismo, tecnolog\u00eda y blockchain \u2705\" \/>\n<meta name=\"robots\" content=\"index, follow, max-snippet:-1, max-image-preview:large, max-video-preview:-1\" \/>\n<link rel=\"canonical\" href=\"https:\/\/auroraborealis.llc\/es\/blog\/\" \/>\n<meta property=\"og:locale\" content=\"es_ES\" \/>\n<meta property=\"og:type\" content=\"article\" \/>\n<meta property=\"og:title\" content=\"\u25b7 Bienvenido al blog de Aurora Borealis Translations\" \/>\n<meta property=\"og:description\" content=\"Te mostrar\u00e9 informaci\u00f3n valiosa sobre la traducci\u00f3n profesional sobre las industrias de turismo, tecnolog\u00eda y blockchain \u2705\" \/>\n<meta property=\"og:url\" content=\"https:\/\/auroraborealis.llc\/es\/blog\/\" \/>\n<meta property=\"og:site_name\" content=\"Aurora Borealis Translations\" \/>\n<meta property=\"article:modified_time\" content=\"2022-04-25T18:32:44+00:00\" \/>\n<meta name=\"twitter:card\" content=\"summary_large_image\" \/>\n<meta name=\"twitter:label1\" content=\"Tiempo de lectura\" \/>\n\t<meta name=\"twitter:data1\" content=\"4 minutos\" \/>\n<script type=\"application\/ld+json\" class=\"yoast-schema-graph\">{\"@context\":\"https:\/\/schema.org\",\"@graph\":[{\"@type\":\"WebPage\",\"@id\":\"https:\/\/auroraborealis.llc\/es\/blog\/\",\"url\":\"https:\/\/auroraborealis.llc\/es\/blog\/\",\"name\":\"\u25b7 Bienvenido al blog de Aurora Borealis Translations\",\"isPartOf\":{\"@id\":\"https:\/\/auroraborealis.llc\/#website\"},\"datePublished\":\"2021-12-15T02:57:58+00:00\",\"dateModified\":\"2022-04-25T18:32:44+00:00\",\"description\":\"Te mostrar\u00e9 informaci\u00f3n valiosa sobre la traducci\u00f3n profesional sobre las industrias de turismo, tecnolog\u00eda y blockchain \u2705\",\"breadcrumb\":{\"@id\":\"https:\/\/auroraborealis.llc\/es\/blog\/#breadcrumb\"},\"inLanguage\":\"es\",\"potentialAction\":[{\"@type\":\"ReadAction\",\"target\":[\"https:\/\/auroraborealis.llc\/es\/blog\/\"]}]},{\"@type\":\"BreadcrumbList\",\"@id\":\"https:\/\/auroraborealis.llc\/es\/blog\/#breadcrumb\",\"itemListElement\":[{\"@type\":\"ListItem\",\"position\":1,\"name\":\"Home\",\"item\":\"https:\/\/auroraborealis.llc\/es\/inicio\/\"},{\"@type\":\"ListItem\",\"position\":2,\"name\":\"Blog\"}]},{\"@type\":\"WebSite\",\"@id\":\"https:\/\/auroraborealis.llc\/#website\",\"url\":\"https:\/\/auroraborealis.llc\/\",\"name\":\"Aurora Borealis Translations\",\"description\":\"Servicios de traducci\u00f3n y localizaci\u00f3n profesionales\",\"potentialAction\":[{\"@type\":\"SearchAction\",\"target\":{\"@type\":\"EntryPoint\",\"urlTemplate\":\"https:\/\/auroraborealis.llc\/?s={search_term_string}\"},\"query-input\":{\"@type\":\"PropertyValueSpecification\",\"valueRequired\":true,\"valueName\":\"search_term_string\"}}],\"inLanguage\":\"es\"}]}<\/script>\n<!-- \/ Yoast SEO plugin. -->","yoast_head_json":{"title":"\u25b7 Bienvenido al blog de Aurora Borealis Translations","description":"Te mostrar\u00e9 informaci\u00f3n valiosa sobre la traducci\u00f3n profesional sobre las industrias de turismo, tecnolog\u00eda y blockchain \u2705","robots":{"index":"index","follow":"follow","max-snippet":"max-snippet:-1","max-image-preview":"max-image-preview:large","max-video-preview":"max-video-preview:-1"},"canonical":"https:\/\/auroraborealis.llc\/es\/blog\/","og_locale":"es_ES","og_type":"article","og_title":"\u25b7 Bienvenido al blog de Aurora Borealis Translations","og_description":"Te mostrar\u00e9 informaci\u00f3n valiosa sobre la traducci\u00f3n profesional sobre las industrias de turismo, tecnolog\u00eda y blockchain \u2705","og_url":"https:\/\/auroraborealis.llc\/es\/blog\/","og_site_name":"Aurora Borealis Translations","article_modified_time":"2022-04-25T18:32:44+00:00","twitter_card":"summary_large_image","twitter_misc":{"Tiempo de lectura":"4 minutos"},"schema":{"@context":"https:\/\/schema.org","@graph":[{"@type":"WebPage","@id":"https:\/\/auroraborealis.llc\/es\/blog\/","url":"https:\/\/auroraborealis.llc\/es\/blog\/","name":"\u25b7 Bienvenido al blog de Aurora Borealis Translations","isPartOf":{"@id":"https:\/\/auroraborealis.llc\/#website"},"datePublished":"2021-12-15T02:57:58+00:00","dateModified":"2022-04-25T18:32:44+00:00","description":"Te mostrar\u00e9 informaci\u00f3n valiosa sobre la traducci\u00f3n profesional sobre las industrias de turismo, tecnolog\u00eda y blockchain \u2705","breadcrumb":{"@id":"https:\/\/auroraborealis.llc\/es\/blog\/#breadcrumb"},"inLanguage":"es","potentialAction":[{"@type":"ReadAction","target":["https:\/\/auroraborealis.llc\/es\/blog\/"]}]},{"@type":"BreadcrumbList","@id":"https:\/\/auroraborealis.llc\/es\/blog\/#breadcrumb","itemListElement":[{"@type":"ListItem","position":1,"name":"Home","item":"https:\/\/auroraborealis.llc\/es\/inicio\/"},{"@type":"ListItem","position":2,"name":"Blog"}]},{"@type":"WebSite","@id":"https:\/\/auroraborealis.llc\/#website","url":"https:\/\/auroraborealis.llc\/","name":"Aurora Borealis Translations","description":"Servicios de traducci\u00f3n y localizaci\u00f3n profesionales","potentialAction":[{"@type":"SearchAction","target":{"@type":"EntryPoint","urlTemplate":"https:\/\/auroraborealis.llc\/?s={search_term_string}"},"query-input":{"@type":"PropertyValueSpecification","valueRequired":true,"valueName":"search_term_string"}}],"inLanguage":"es"}]}},"_links":{"self":[{"href":"https:\/\/auroraborealis.llc\/es\/wp-json\/wp\/v2\/pages\/223926"}],"collection":[{"href":"https:\/\/auroraborealis.llc\/es\/wp-json\/wp\/v2\/pages"}],"about":[{"href":"https:\/\/auroraborealis.llc\/es\/wp-json\/wp\/v2\/types\/page"}],"author":[{"embeddable":true,"href":"https:\/\/auroraborealis.llc\/es\/wp-json\/wp\/v2\/users\/1"}],"replies":[{"embeddable":true,"href":"https:\/\/auroraborealis.llc\/es\/wp-json\/wp\/v2\/comments?post=223926"}],"version-history":[{"count":2,"href":"https:\/\/auroraborealis.llc\/es\/wp-json\/wp\/v2\/pages\/223926\/revisions"}],"predecessor-version":[{"id":223942,"href":"https:\/\/auroraborealis.llc\/es\/wp-json\/wp\/v2\/pages\/223926\/revisions\/223942"}],"wp:attachment":[{"href":"https:\/\/auroraborealis.llc\/es\/wp-json\/wp\/v2\/media?parent=223926"}],"curies":[{"name":"wp","href":"https:\/\/api.w.org\/{rel}","templated":true}]}}